{"id":143,"date":"2016-07-15T08:32:51","date_gmt":"2016-07-15T08:32:51","guid":{"rendered":"http:\/\/sw-themes.com\/porto_dummy\/?page_id=143"},"modified":"2026-01-28T08:36:28","modified_gmt":"2026-01-28T08:36:28","slug":"home","status":"publish","type":"page","link":"https:\/\/coresteel.com.tr\/","title":{"rendered":"Home"},"content":{"rendered":"<p>[vc_row wrap_container=&#8221;yes&#8221; el_class=&#8221;p-t-xxl p-b-xxl&#8221;][vc_column offset=&#8221;vc_col-md-4&#8243;][vc_custom_heading text=&#8221;B\u0130Z K\u0130M\u0130Z?&#8221; use_theme_fonts=&#8221;yes&#8221; el_class=&#8221;m-t-md m-b-none&#8221;][vc_column_text el_class=&#8221;lead m-b-none&#8221;][\/vc_column_text][\/vc_column][vc_column width=&#8221;1\/6&#8243; offset=&#8221;vc_hidden-sm vc_hidden-xs&#8221;][vc_single_image source=&#8221;external_link&#8221; custom_src=&#8221;\/\/sw-themes.com\/porto_dummy\/wp-content\/uploads\/images\/dotted-line-angle.png&#8221; el_class=&#8221;m-t-n-xs m-b-none&#8221;][\/vc_column][vc_column offset=&#8221;vc_col-md-6&#8243;][vc_column_text el_class=&#8221;m-t-md m-b-none&#8221;]<strong>Coresteel M\u00fchendislik<\/strong>, yenilik\u00e7i, g\u00fcvenilir ve s\u00fcrd\u00fcr\u00fclebilir \u00e7\u00f6z\u00fcmler sunmak amac\u0131yla kurulmu\u015f profesyonel bir m\u00fchendislik firmas\u0131d\u0131r. Kuruldu\u011fumuz ilk g\u00fcnden itibaren; kaliteyi, m\u00fchendislik disiplinini ve m\u00fc\u015fteri memnuniyetini temel prensiplerimizin merkezine yerle\u015ftirdik.<\/p>\n<p><a href=\"https:\/\/coresteel.com.tr\/index.php\/company\/\">Devam\u0131n\u0131 Oku \u00bb<\/a>[\/vc_column_text][\/vc_column][\/vc_row][vc_row wrap_container=&#8221;yes&#8221; is_section=&#8221;yes&#8221; section_skin=&#8221;tertiary&#8221; remove_margin_top=&#8221;yes&#8221; remove_margin_bottom=&#8221;yes&#8221; remove_border=&#8221;yes&#8221; el_class=&#8221;section-custom-construction&#8221;][vc_column][vc_custom_heading text=&#8221;Faaliyet Alanlar\u0131m\u0131z&#8221; use_theme_fonts=&#8221;yes&#8221; el_class=&#8221;m-t-md m-b-none&#8221;][vc_row_inner][vc_column_inner width=&#8221;1\/2&#8243; animation_type=&#8221;fadeInUp&#8221;]<div class=\"porto-sicon-box style_1 left-icon\"><div class=\"porto-sicon-left\"><div id=\"porto-icon-160739823569fb19a9165cb\" class=\"porto-just-icon-wrapper\" style=\"text-align:center;\"><div class=\"porto-sicon-img \" style=\"display:inline-block;font-size: 50px;\"><img loading=\"lazy\" decoding=\"async\" class=\"img-icon\" alt=\"\" src=\"https:\/\/coresteel.com.tr\/wp-content\/uploads\/2016\/07\/ground-construction.png\" width=\"68\" height=\"59\" \/><\/div><\/div><\/div><div class=\"porto-sicon-body\"><div class=\"porto-sicon-header\"><h3 class=\"porto-sicon-title\" style=\"font-size:20px;\">Tank \u0130malat \u0130\u015fleri<\/h3><\/div> <!-- header --><div class=\"porto-sicon-description\" style=\"\"><strong>API 650 Standartlar\u0131nda Tank \u0130malat \u0130\u015fleri<\/strong><\/p>\n<p><strong>API 653 standartlar\u0131nda tank bak\u0131m i\u015fleri <\/strong><a class=\"porto-sicon-read xx\" href=\"https:\/\/coresteel.com.tr\/index.php\/services\/general-construction\/\" title='Tank \u0130malat \u0130\u015fleri'>Devam\u0131n\u0131 Oku<span>&nbsp;&raquo;<\/span><\/a><\/div> <!-- description --><\/div><\/div><!-- porto-sicon-box -->[\/vc_column_inner][vc_column_inner width=&#8221;1\/2&#8243; animation_delay=&#8221;300&#8243; animation_type=&#8221;fadeInUp&#8221;]<div class=\"porto-sicon-box style_1 left-icon\"><div class=\"porto-sicon-left\"><div id=\"porto-icon-78074780069fb19a916f12\" class=\"porto-just-icon-wrapper\" style=\"text-align:center;\"><div class=\"porto-sicon-img \" style=\"display:inline-block;font-size: 50px;\"><img loading=\"lazy\" decoding=\"async\" class=\"img-icon\" alt=\"\" src=\"https:\/\/coresteel.com.tr\/wp-content\/uploads\/2016\/07\/construction.png\" width=\"63\" height=\"80\" \/><\/div><\/div><\/div><div class=\"porto-sicon-body\"><div class=\"porto-sicon-header\"><h3 class=\"porto-sicon-title\" style=\"font-size:20px;\">\u00c7elik Konstr\u00fcksiyon \u0130malat ve Montaj \u0130\u015fleri<\/h3><\/div> <!-- header --><div class=\"porto-sicon-description\" style=\"\">Coresteel M\u00fchendislik, end\u00fcstriyel tesisler, fabrikalar, depolama alanlar\u0131 ve \u00f6zel projeler i\u00e7in dayan\u0131kl\u0131, g\u00fcvenilir ve y\u00fcksek m\u00fchendislik kalitesine sahip \u00e7elik konstr\u00fcksiyon yap\u0131lar \u00fcretir.<a class=\"porto-sicon-read xx\" href=\"https:\/\/coresteel.com.tr\/index.php\/services\/pre-construction\/\" title='\u00c7elik Konstr\u00fcksiyon \u0130malat ve Montaj \u0130\u015fleri'>Devam\u0131n\u0131 Oku<span>&nbsp;&raquo;<\/span><\/a><\/div> <!-- description --><\/div><\/div><!-- porto-sicon-box -->[\/vc_column_inner][\/vc_row_inner][vc_row_inner][vc_column_inner width=&#8221;1\/2&#8243; animation_type=&#8221;fadeInUp&#8221;]<div class=\"porto-sicon-box style_1 left-icon\"><div class=\"porto-sicon-left\"><div id=\"porto-icon-45873996469fb19a91772c\" class=\"porto-just-icon-wrapper\" style=\"text-align:center;\"><div class=\"porto-sicon-img \" style=\"display:inline-block;font-size: 50px;\"><img loading=\"lazy\" decoding=\"async\" class=\"img-icon\" alt=\"\" src=\"https:\/\/coresteel.com.tr\/wp-content\/uploads\/2016\/07\/painting.png\" width=\"65\" height=\"61\" \/><\/div><\/div><\/div><div class=\"porto-sicon-body\"><div class=\"porto-sicon-header\"><h3 class=\"porto-sicon-title\" style=\"font-size:20px;\">End\u00fcstriyel Borulama<\/h3><\/div> <!-- header --><div class=\"porto-sicon-description\" style=\"\">Coresteel M\u00fchendislik, end\u00fcstriyel tesislerin ihtiya\u00e7 duydu\u011fu t\u00fcm borulama sistemleri i\u00e7in m\u00fchendislik, imalat ve montaj s\u00fcre\u00e7lerini y\u00fcksek kalite standartlar\u0131yla y\u00fcr\u00fct\u00fcr.<a class=\"porto-sicon-read xx\" href=\"https:\/\/coresteel.com.tr\/index.php\/services\/painting\/\" title='End\u00fcstriyel Borulama'>Devam\u0131n\u0131 Oku<span>&nbsp;&raquo;<\/span><\/a><\/div> <!-- description --><\/div><\/div><!-- porto-sicon-box -->[\/vc_column_inner][vc_column_inner width=&#8221;1\/2&#8243; animation_delay=&#8221;300&#8243; animation_type=&#8221;fadeInUp&#8221;]<div class=\"porto-sicon-box style_1 left-icon\"><div class=\"porto-sicon-left\"><div id=\"porto-icon-188673039869fb19a917fe3\" class=\"porto-just-icon-wrapper\" style=\"text-align:center;\"><div class=\"porto-sicon-img \" style=\"display:inline-block;font-size: 50px;\"><img loading=\"lazy\" decoding=\"async\" class=\"img-icon\" alt=\"\" src=\"https:\/\/coresteel.com.tr\/wp-content\/uploads\/2016\/07\/plumbing.png\" width=\"67\" height=\"73\" \/><\/div><\/div><\/div><div class=\"porto-sicon-body\"><div class=\"porto-sicon-header\"><h3 class=\"porto-sicon-title\" style=\"font-size:20px;\">Mekanik Borulama ve Ekipman Montaj\u0131<\/h3><\/div> <!-- header --><div class=\"porto-sicon-description\" style=\"\">Coresteel M\u00fchendislik, end\u00fcstriyel tesislerde ihtiya\u00e7 duyulan t\u00fcm mekanik borulama ve ekipman montaj s\u00fcre\u00e7lerini uluslararas\u0131 standartlara uygun \u015fekilde ger\u00e7ekle\u015ftirir.<a class=\"porto-sicon-read xx\" href=\"https:\/\/coresteel.com.tr\/index.php\/services\/plumbing\/\" title='Mekanik Borulama ve Ekipman Montaj\u0131'>Devam\u0131n\u0131 Oku<span>&nbsp;&raquo;<\/span><\/a><\/div> <!-- description --><\/div><\/div><!-- porto-sicon-box -->[\/vc_column_inner][\/vc_row_inner][\/vc_column][\/vc_row][vc_row parallax=&#8221;content-moving&#8221; parallax_image=&#8221;372&#8243; parallax_speed_bg=&#8221;1&#8243; wrap_container=&#8221;yes&#8221; is_section=&#8221;yes&#8221; section_skin=&#8221;parallax&#8221; remove_margin_top=&#8221;yes&#8221; remove_margin_bottom=&#8221;yes&#8221; remove_border=&#8221;yes&#8221;][vc_column width=&#8221;1\/2&#8243;][\/vc_column][vc_column offset=&#8221;vc_col-md-6&#8243;]<div class=\"porto-carousel owl-carousel has-ccols ccols-1 m-t-xlg m-b-xlg\" data-plugin-options=\"{&quot;stagePadding&quot;:0,&quot;margin&quot;:0,&quot;autoplay&quot;:false,&quot;autoplayTimeout&quot;:5000,&quot;autoplayHoverPause&quot;:false,&quot;items&quot;:1,&quot;lg&quot;:1,&quot;md&quot;:1,&quot;sm&quot;:1,&quot;xs&quot;:1,&quot;nav&quot;:false,&quot;dots&quot;:&quot;yes&quot;,&quot;animateIn&quot;:&quot;&quot;,&quot;animateOut&quot;:&quot;&quot;,&quot;loop&quot;:false,&quot;center&quot;:false,&quot;video&quot;:false,&quot;lazyLoad&quot;:false,&quot;fullscreen&quot;:false}\"><div class=\"porto-testimonial wpb_content_element \"><div class=\"testimonial testimonial-style-2 testimonial-with-quotes\"><blockquote class=\"testimonial-carousel\" style=\"color:#000000\"><p>M\u00fc\u015fterilerimizin ihtiya\u00e7lar\u0131n\u0131 derinlemesine anlayarak tasarl\u0131yor, planl\u0131yor ve hayata ge\u00e7iriyoruz. End\u00fcstriyel altyap\u0131lar\u0131n kompleks gereksinimlerini y\u00fcksek standartta kar\u015f\u0131layarak, projelerinizi s\u00fcrd\u00fcr\u00fclebilir ba\u015far\u0131 hik\u00e2yelerine d\u00f6n\u00fc\u015ft\u00fcr\u00fcyoruz.<\/p><\/blockquote><div class=\"testimonial-author\"><p><strong>Coresteel<\/strong><span style=\"color:#ff0000\"><\/span><\/p><\/div><\/div><\/div><div class=\"porto-testimonial wpb_content_element \"><div class=\"testimonial testimonial-style-2 testimonial-with-quotes\"><blockquote class=\"testimonial-carousel\" style=\"color:#000000\"><p>CoreSteel olarak, m\u00fchendislik vizyonumuzu teknik akl\u0131 s\u00fcrd\u00fcr\u00fclebilir ve g\u00fcvenilir \u00e7\u00f6z\u00fcmlere d\u00f6n\u00fc\u015ft\u00fcrmek \u00fczerine kurduk. Her proje, y\u00fcksek kalite standartlar\u0131yla hayata ge\u00e7irilir ve sahada de\u011fer \u00fcretir \u2014 planlama a\u015famas\u0131ndan uygulamaya kadar her ad\u0131mda m\u00fckemmelli\u011fi hedefleriz.<\/p><\/blockquote><div class=\"testimonial-author\"><p><strong>Coresteel<\/strong><span style=\"color:#dd0000\"><\/span><\/p><\/div><\/div><\/div><\/div>[\/vc_column][\/vc_row][vc_row wrap_container=&#8221;yes&#8221; el_class=&#8221;section-custom-construction-2&#8243;][vc_column][vc_separator color=&#8221;custom&#8221; style=&#8221;solid&#8221;][vc_custom_heading text=&#8221;Blog&#8221; use_theme_fonts=&#8221;yes&#8221; el_class=&#8221;m-t-xl m-b-none&#8221;]<div class=\"porto-recent-posts wpb_content_element  m-b-none\">\t<div class=\"row\">\n\t\t<div class=\"post-carousel porto-carousel owl-carousel\" data-plugin-options=\"{&quot;themeConfig&quot;:true,&quot;lg&quot;:3,&quot;md&quot;:3,&quot;sm&quot;:2}\">\n\t\t\t<div class=\"post-slide\"><div class=\"post-item post-title-simple\">\n\t\t<div class=\"post-date\">\n\t\t<span class=\"day\">26<\/span><span class=\"month\">Oca<\/span><time>Ocak 26, 2026<\/time>\t<\/div>\n\t\t\t<h4><a href=\"https:\/\/coresteel.com.tr\/index.php\/2026\/01\/26\/tank-imalatinda-api-standartlari-neden-onemli\/\">\n\t\tTANK \u0130MALATINDA API STANDARTLARI: NEDEN \u00d6NEML\u0130?\t<\/a><\/h4>\n\t\t<div><p class=\"post-excerpt\">[vc_row][vc_column][vc_single_image image=\"368\" img_size=\"1024x400\" alignment=\"center\" label=\"\"][\/vc_column][\/vc_row][vc_row][vc_column][vc_column_text]API standartlar\u0131na uygun tank imalat\u0131; g\u00fcvenli\u011fi art\u0131ran, \u00e7evresel riskleri azaltan ve tesislerin uzun \u00f6m\u00fcrl\u00fc, uluslararas\u0131...  <a class=\"read-more\" href=\"https:\/\/coresteel.com.tr\/index.php\/2026\/01\/26\/tank-imalatinda-api-standartlari-neden-onemli\/\">daha fazla oku <i class=\"fas fa-angle-right\"><\/i><\/a><\/p><\/div> <\/div>\n<\/div><div class=\"post-slide\"><div class=\"post-item post-title-simple\">\n\t\t<div class=\"post-date\">\n\t\t<span class=\"day\">19<\/span><span class=\"month\">Oca<\/span><time>Ocak 19, 2026<\/time>\t<\/div>\n\t\t\t<h4><a href=\"https:\/\/coresteel.com.tr\/index.php\/2026\/01\/19\/celik-konstruksiyon-neden-betonarmeye-gore-daha-avantajlidir\/\">\n\t\t\u00c7EL\u0130K KONSTR\u00dcKS\u0130YON NEDEN BETONARMEYE G\u00d6RE DAHA AVANTAJLIDIR?\t<\/a><\/h4>\n\t\t<div><p class=\"post-excerpt\">[vc_row][vc_column][vc_column_text]End\u00fcstriyel tesisler, depolama alanlar\u0131, enerji santralleri, \u00fcretim\u00a0hatlar\u0131 ve b\u00fcy\u00fck a\u00e7\u0131kl\u0131k gerektiren t\u00fcm yap\u0131larda \u00e7elik konstr\u00fcksiyon bug\u00fcn art\u0131k bir se\u00e7enek...  <a class=\"read-more\" href=\"https:\/\/coresteel.com.tr\/index.php\/2026\/01\/19\/celik-konstruksiyon-neden-betonarmeye-gore-daha-avantajlidir\/\">daha fazla oku <i class=\"fas fa-angle-right\"><\/i><\/a><\/p><\/div> <\/div>\n<\/div>\t\t<\/div>\n\t<\/div>\n\t<\/div>[\/vc_column][\/vc_row]<\/p>\n","protected":false},"excerpt":{"rendered":"<p>[vc_row wrap_container=&#8221;yes&#8221; el_class=&#8221;p-t-xxl p-b-xxl&#8221;][vc_column offset=&#8221;vc_col-md-4&#8243;][vc_custom_heading text=&#8221;B\u0130Z K\u0130M\u0130Z?&#8221; use_theme_fonts=&#8221;yes&#8221; el_class=&#8221;m-t-md m-b-none&#8221;][vc_column_text el_class=&#8221;lead m-b-none&#8221;][\/vc_column_text][\/vc_column][vc_column width=&#8221;1\/6&#8243; offset=&#8221;vc_hidden-sm vc_hidden-xs&#8221;][vc_single_image source=&#8221;external_link&#8221; custom_src=&#8221;\/\/sw-themes.com\/porto_dummy\/wp-content\/uploads\/images\/dotted-line-angle.png&#8221; el_class=&#8221;m-t-n-xs m-b-none&#8221;][\/vc_column][vc_column offset=&#8221;vc_col-md-6&#8243;][vc_column_text el_class=&#8221;m-t-md m-b-none&#8221;]Coresteel M\u00fchendislik, yenilik\u00e7i, g\u00fcvenilir ve s\u00fcrd\u00fcr\u00fclebilir \u00e7\u00f6z\u00fcmler sunmak amac\u0131yla kurulmu\u015f profesyonel bir m\u00fchendislik firmas\u0131d\u0131r. Kuruldu\u011fumuz ilk g\u00fcnden itibaren; kaliteyi, m\u00fchendislik disiplinini ve m\u00fc\u015fteri memnuniyetini temel prensiplerimizin merkezine yerle\u015ftirdik. Devam\u0131n\u0131 Oku \u00bb[\/vc_column_text][\/vc_column][\/vc_row][vc_row wrap_container=&#8221;yes&#8221; is_section=&#8221;yes&#8221; section_skin=&#8221;tertiary&#8221; [&hellip;]<\/p>\n","protected":false},"author":1,"featured_media":0,"parent":0,"menu_order":0,"comment_status":"closed","ping_status":"closed","template":"","meta":{"footnotes":""},"class_list":["post-143","page","type-page","status-publish","hentry"],"_links":{"self":[{"href":"https:\/\/coresteel.com.tr\/index.php\/wp-json\/wp\/v2\/pages\/143","targetHints":{"allow":["GET"]}}],"collection":[{"href":"https:\/\/coresteel.com.tr\/index.php\/wp-json\/wp\/v2\/pages"}],"about":[{"href":"https:\/\/coresteel.com.tr\/index.php\/wp-json\/wp\/v2\/types\/page"}],"author":[{"embeddable":true,"href":"https:\/\/coresteel.com.tr\/index.php\/wp-json\/wp\/v2\/users\/1"}],"replies":[{"embeddable":true,"href":"https:\/\/coresteel.com.tr\/index.php\/wp-json\/wp\/v2\/comments?post=143"}],"version-history":[{"count":11,"href":"https:\/\/coresteel.com.tr\/index.php\/wp-json\/wp\/v2\/pages\/143\/revisions"}],"predecessor-version":[{"id":378,"href":"https:\/\/coresteel.com.tr\/index.php\/wp-json\/wp\/v2\/pages\/143\/revisions\/378"}],"wp:attachment":[{"href":"https:\/\/coresteel.com.tr\/index.php\/wp-json\/wp\/v2\/media?parent=143"}],"curies":[{"name":"wp","href":"https:\/\/api.w.org\/{rel}","templated":true}]}}