{"id":24,"date":"2016-07-18T00:39:07","date_gmt":"2016-07-18T00:39:07","guid":{"rendered":"http:\/\/sw-themes.com\/porto_dummy\/?page_id=24"},"modified":"2026-01-21T11:25:21","modified_gmt":"2026-01-21T11:25:21","slug":"company","status":"publish","type":"page","link":"https:\/\/coresteel.com.tr\/index.php\/company\/","title":{"rendered":"HAKKIMIZDA"},"content":{"rendered":"<p>[vc_row el_id=&#8221;who-we-are&#8221; el_class=&#8221;m-t-n-md p-t-md&#8221;][vc_column width=&#8221;1\/2&#8243;][vc_column_text]<strong>Coresteel M\u00fchendislik<\/strong>, yenilik\u00e7i, g\u00fcvenilir ve s\u00fcrd\u00fcr\u00fclebilir \u00e7\u00f6z\u00fcmler sunmak amac\u0131yla kurulmu\u015f profesyonel bir m\u00fchendislik firmas\u0131d\u0131r. Kuruldu\u011fumuz ilk g\u00fcnden itibaren; kaliteyi, m\u00fchendislik disiplinini ve m\u00fc\u015fteri memnuniyetini temel prensiplerimizin merkezine yerle\u015ftirdik.<\/p>\n<p>Uzman m\u00fchendis kadromuz, tecr\u00fcbeli teknik ekibimiz ve sahadaki g\u00fc\u00e7l\u00fc organizasyon yap\u0131m\u0131zla; her \u00f6l\u00e7ekte projeyi g\u00fcvenle \u00fcstlenebilecek kapasiteye sahibiz. Coresteel M\u00fchendislik olarak, yaln\u0131zca hizmet sunmuyor; projelerin her a\u015famas\u0131nda katma de\u011fer yaratan, \u00e7\u00f6z\u00fcm \u00fcreten ve s\u00fcreci g\u00fcvenle y\u00f6neten bir i\u015f orta\u011f\u0131 olarak hareket ediyoruz.[\/vc_column_text][\/vc_column][vc_column width=&#8221;1\/2&#8243;][vc_single_image image=&#8221;233&#8243; img_size=&#8221;300X300&#8243; alignment=&#8221;center&#8221; label=&#8221;&#8221;][\/vc_column][\/vc_row][vc_row][vc_column][vc_column_text]<strong>Misyonumuz<\/strong><\/p>\n<p>M\u00fc\u015fterilerimizin ihtiya\u00e7lar\u0131n\u0131 en do\u011fru m\u00fchendislik \u00e7\u00f6z\u00fcmleriyle kar\u015f\u0131lamak, kaliteyi s\u00fcrd\u00fcr\u00fclebilir hizmet anlay\u0131\u015f\u0131yla birle\u015ftirerek sekt\u00f6rde g\u00fcvenilir bir marka olmak.<\/p>\n<p><strong>Vizyonumuz<\/strong><\/p>\n<p>Yenilik\u00e7i teknolojileri kalite standartlar\u0131m\u0131zla b\u00fct\u00fcnle\u015ftirerek, T\u00fcrkiye\u2019nin \u00f6nde gelen mekanik m\u00fchendislik firmalar\u0131ndan biri olmak ve sekt\u00f6rde kal\u0131c\u0131 iz b\u0131rakan projelere imza atmak.<\/p>\n<p><strong>De\u011ferlerimiz<\/strong><\/p>\n<ul>\n<li>G\u00fcvenilirlik<\/li>\n<li>M\u00fchendislik Disiplini<\/li>\n<li>Zaman\u0131nda Teslimat<\/li>\n<li>\u015eeffaf \u0130leti\u015fim<\/li>\n<li>S\u00fcrd\u00fcr\u00fclebilirlik ve Kalite<\/li>\n<\/ul>\n<p>Coresteel M\u00fchendislik olarak; projelerinizde uzun vadeli \u00e7\u00f6z\u00fcm orta\u011f\u0131n\u0131z olmay\u0131, g\u00fcven, kalite ve uzmanl\u0131\u011f\u0131n birle\u015fti\u011fi bir hizmet deneyimi sunmay\u0131 taahh\u00fct ediyoruz.<\/p>\n<p>&nbsp;[\/vc_column_text][\/vc_column][\/vc_row]<\/p>\n","protected":false},"excerpt":{"rendered":"<p>[vc_row el_id=&#8221;who-we-are&#8221; el_class=&#8221;m-t-n-md p-t-md&#8221;][vc_column width=&#8221;1\/2&#8243;][vc_column_text]Coresteel M\u00fchendislik, yenilik\u00e7i, g\u00fcvenilir ve s\u00fcrd\u00fcr\u00fclebilir \u00e7\u00f6z\u00fcmler sunmak amac\u0131yla kurulmu\u015f profesyonel bir m\u00fchendislik firmas\u0131d\u0131r. Kuruldu\u011fumuz ilk g\u00fcnden itibaren; kaliteyi, m\u00fchendislik disiplinini ve m\u00fc\u015fteri memnuniyetini temel prensiplerimizin merkezine yerle\u015ftirdik. Uzman m\u00fchendis kadromuz, tecr\u00fcbeli teknik ekibimiz ve sahadaki g\u00fc\u00e7l\u00fc organizasyon yap\u0131m\u0131zla; her \u00f6l\u00e7ekte projeyi g\u00fcvenle \u00fcstlenebilecek kapasiteye sahibiz. Coresteel M\u00fchendislik olarak, yaln\u0131zca hizmet [&hellip;]<\/p>\n","protected":false},"author":1,"featured_media":0,"parent":0,"menu_order":0,"comment_status":"closed","ping_status":"closed","template":"","meta":{"footnotes":""},"class_list":["post-24","page","type-page","status-publish","hentry"],"_links":{"self":[{"href":"https:\/\/coresteel.com.tr\/index.php\/wp-json\/wp\/v2\/pages\/24","targetHints":{"allow":["GET"]}}],"collection":[{"href":"https:\/\/coresteel.com.tr\/index.php\/wp-json\/wp\/v2\/pages"}],"about":[{"href":"https:\/\/coresteel.com.tr\/index.php\/wp-json\/wp\/v2\/types\/page"}],"author":[{"embeddable":true,"href":"https:\/\/coresteel.com.tr\/index.php\/wp-json\/wp\/v2\/users\/1"}],"replies":[{"embeddable":true,"href":"https:\/\/coresteel.com.tr\/index.php\/wp-json\/wp\/v2\/comments?post=24"}],"version-history":[{"count":6,"href":"https:\/\/coresteel.com.tr\/index.php\/wp-json\/wp\/v2\/pages\/24\/revisions"}],"predecessor-version":[{"id":271,"href":"https:\/\/coresteel.com.tr\/index.php\/wp-json\/wp\/v2\/pages\/24\/revisions\/271"}],"wp:attachment":[{"href":"https:\/\/coresteel.com.tr\/index.php\/wp-json\/wp\/v2\/media?parent=24"}],"curies":[{"name":"wp","href":"https:\/\/api.w.org\/{rel}","templated":true}]}}