{"id":261,"date":"2026-01-21T11:19:45","date_gmt":"2026-01-21T11:19:45","guid":{"rendered":"https:\/\/coresteel.com.tr\/?page_id=261"},"modified":"2026-01-21T11:21:03","modified_gmt":"2026-01-21T11:21:03","slug":"kalite-politikamiz","status":"publish","type":"page","link":"https:\/\/coresteel.com.tr\/index.php\/kalite-politikamiz\/","title":{"rendered":"KAL\u0130TE POL\u0130T\u0130KAMIZ"},"content":{"rendered":"<p>[vc_row][vc_column width=&#8221;1\/2&#8243;][vc_single_image image=&#8221;263&#8243; img_size=&#8221;350X350&#8243; alignment=&#8221;center&#8221; label=&#8221;&#8221;][\/vc_column][vc_column width=&#8221;1\/2&#8243;][vc_column_text]Coresteel M\u00fchendislik olarak kalite anlay\u0131\u015f\u0131m\u0131z\u0131; do\u011fru planlama, g\u00fc\u00e7l\u00fc m\u00fchendislik bilgisi, titiz uygulama ve s\u00fcrd\u00fcr\u00fclebilir hizmet yakla\u015f\u0131m\u0131 \u00fczerine in\u015fa ediyoruz. Kalite politikam\u0131z \u00e7er\u00e7evesinde:<\/p>\n<ul>\n<li>T\u00fcm projelerde ulusal ve uluslararas\u0131 standartlara uygun \u00e7al\u0131\u015fma,<\/li>\n<li>M\u00fc\u015fteri beklentilerini eksiksiz kar\u015f\u0131layan \u00e7\u00f6z\u00fcm odakl\u0131 hizmet,<\/li>\n<li>S\u00fcre\u00e7lerimizde \u015feffafl\u0131k, zaman\u0131nda teslimat ve s\u00fcrekli iyile\u015ftirme,<\/li>\n<li>Teknolojik geli\u015fmeleri takip ederek yenilik\u00e7i uygulamalar geli\u015ftirme,<\/li>\n<li>\u00c7al\u0131\u015fanlar\u0131m\u0131z\u0131n bilgi ve becerilerini art\u0131rmak i\u00e7in s\u00fcrekli e\u011fitim programlar\u0131,<\/li>\n<li>\u0130\u015f sa\u011fl\u0131\u011f\u0131 ve g\u00fcvenli\u011fini g\u00f6zeten g\u00fcvenli \u00e7al\u0131\u015fma alanlar\u0131 olu\u015fturma,<\/li>\n<li>Tedarik\u00e7ilerimizle i\u015f birli\u011fi i\u00e7inde kalite s\u00fcreklili\u011fini sa\u011flama,<\/li>\n<\/ul>\n<p>ilkelerini temel al\u0131r\u0131z.<\/p>\n<p>Coresteel M\u00fchendislik, kaliteyi bir sonu\u00e7 de\u011fil; t\u00fcm s\u00fcre\u00e7ler boyunca s\u00fcrd\u00fcr\u00fclen bir k\u00fclt\u00fcr olarak benimser.[\/vc_column_text][\/vc_column][\/vc_row]<\/p>\n","protected":false},"excerpt":{"rendered":"<p>[vc_row][vc_column width=&#8221;1\/2&#8243;][vc_single_image image=&#8221;263&#8243; img_size=&#8221;350X350&#8243; alignment=&#8221;center&#8221; label=&#8221;&#8221;][\/vc_column][vc_column width=&#8221;1\/2&#8243;][vc_column_text]Coresteel M\u00fchendislik olarak kalite anlay\u0131\u015f\u0131m\u0131z\u0131; do\u011fru planlama, g\u00fc\u00e7l\u00fc m\u00fchendislik bilgisi, titiz uygulama ve s\u00fcrd\u00fcr\u00fclebilir hizmet yakla\u015f\u0131m\u0131 \u00fczerine in\u015fa ediyoruz. Kalite politikam\u0131z \u00e7er\u00e7evesinde: T\u00fcm projelerde ulusal ve uluslararas\u0131 standartlara uygun \u00e7al\u0131\u015fma, M\u00fc\u015fteri beklentilerini eksiksiz kar\u015f\u0131layan \u00e7\u00f6z\u00fcm odakl\u0131 hizmet, S\u00fcre\u00e7lerimizde \u015feffafl\u0131k, zaman\u0131nda teslimat ve s\u00fcrekli iyile\u015ftirme, Teknolojik geli\u015fmeleri takip ederek yenilik\u00e7i [&hellip;]<\/p>\n","protected":false},"author":1,"featured_media":0,"parent":0,"menu_order":0,"comment_status":"closed","ping_status":"closed","template":"","meta":{"footnotes":""},"class_list":["post-261","page","type-page","status-publish","hentry"],"_links":{"self":[{"href":"https:\/\/coresteel.com.tr\/index.php\/wp-json\/wp\/v2\/pages\/261","targetHints":{"allow":["GET"]}}],"collection":[{"href":"https:\/\/coresteel.com.tr\/index.php\/wp-json\/wp\/v2\/pages"}],"about":[{"href":"https:\/\/coresteel.com.tr\/index.php\/wp-json\/wp\/v2\/types\/page"}],"author":[{"embeddable":true,"href":"https:\/\/coresteel.com.tr\/index.php\/wp-json\/wp\/v2\/users\/1"}],"replies":[{"embeddable":true,"href":"https:\/\/coresteel.com.tr\/index.php\/wp-json\/wp\/v2\/comments?post=261"}],"version-history":[{"count":2,"href":"https:\/\/coresteel.com.tr\/index.php\/wp-json\/wp\/v2\/pages\/261\/revisions"}],"predecessor-version":[{"id":264,"href":"https:\/\/coresteel.com.tr\/index.php\/wp-json\/wp\/v2\/pages\/261\/revisions\/264"}],"wp:attachment":[{"href":"https:\/\/coresteel.com.tr\/index.php\/wp-json\/wp\/v2\/media?parent=261"}],"curies":[{"name":"wp","href":"https:\/\/api.w.org\/{rel}","templated":true}]}}