{"id":291,"date":"2026-01-21T18:51:09","date_gmt":"2026-01-21T18:51:09","guid":{"rendered":"https:\/\/coresteel.com.tr\/?page_id=291"},"modified":"2026-01-23T12:38:49","modified_gmt":"2026-01-23T12:38:49","slug":"planli-durus-ve-bakim-isleri","status":"publish","type":"page","link":"https:\/\/coresteel.com.tr\/index.php\/services\/planli-durus-ve-bakim-isleri\/","title":{"rendered":"Planl\u0131 Duru\u015f ve Bak\u0131m \u0130\u015fleri"},"content":{"rendered":"<p>[vc_row][vc_column width=&#8221;1\/2&#8243;][vc_column_text]Coresteel M\u00fchendislik, end\u00fcstriyel tesislerde \u00fcretim s\u00fcreklili\u011fini korumak ve ekipman \u00f6mr\u00fcn\u00fc uzatmak i\u00e7in planl\u0131 duru\u015f ve bak\u0131m s\u00fcre\u00e7lerini profesyonel bir yakla\u015f\u0131mla y\u00f6netir. Planl\u0131 duru\u015flar; tesisin operasyonel g\u00fcvenli\u011fini art\u0131ran, ar\u0131za risklerini azaltan ve proses verimlili\u011fini y\u00fckselten kritik \u00e7al\u0131\u015fmalard\u0131r. Bu s\u00fcre\u00e7lerde h\u0131zl\u0131, koordineli ve g\u00fcvenli \u015fekilde hareket etmek temel \u00f6nceli\u011fimizdir. Planl\u0131 duru\u015f, do\u011fru y\u00f6netildi\u011finde tesis i\u00e7in b\u00fcy\u00fck avantaj sa\u011flar. Coresteel M\u00fchendislik olarak oda\u011f\u0131m\u0131z; minimum \u00fcretim kayb\u0131 ile maksimum ekipman verimlili\u011fi sa\u011flamak, duru\u015f s\u00fcre\u00e7lerini h\u0131zl\u0131 ve g\u00fcvenli \u015fekilde tamamlamak ve tesislerin kesintisiz \u00e7al\u0131\u015fmas\u0131n\u0131 desteklemektir.[\/vc_column_text][\/vc_column][vc_column width=&#8221;1\/2&#8243;][vc_single_image image=&#8221;293&#8243; img_size=&#8221;270X270&#8243; alignment=&#8221;center&#8221;][\/vc_column][\/vc_row]<\/p>\n","protected":false},"excerpt":{"rendered":"<p>[vc_row][vc_column width=&#8221;1\/2&#8243;][vc_column_text]Coresteel M\u00fchendislik, end\u00fcstriyel tesislerde \u00fcretim s\u00fcreklili\u011fini korumak ve ekipman \u00f6mr\u00fcn\u00fc uzatmak i\u00e7in planl\u0131 duru\u015f ve bak\u0131m s\u00fcre\u00e7lerini profesyonel bir yakla\u015f\u0131mla y\u00f6netir. Planl\u0131 duru\u015flar; tesisin operasyonel g\u00fcvenli\u011fini art\u0131ran, ar\u0131za risklerini azaltan ve proses verimlili\u011fini y\u00fckselten kritik \u00e7al\u0131\u015fmalard\u0131r. Bu s\u00fcre\u00e7lerde h\u0131zl\u0131, koordineli ve g\u00fcvenli \u015fekilde hareket etmek temel \u00f6nceli\u011fimizdir. Planl\u0131 duru\u015f, do\u011fru y\u00f6netildi\u011finde tesis i\u00e7in b\u00fcy\u00fck [&hellip;]<\/p>\n","protected":false},"author":1,"featured_media":0,"parent":36,"menu_order":0,"comment_status":"closed","ping_status":"closed","template":"","meta":{"footnotes":""},"class_list":["post-291","page","type-page","status-publish","hentry"],"_links":{"self":[{"href":"https:\/\/coresteel.com.tr\/index.php\/wp-json\/wp\/v2\/pages\/291","targetHints":{"allow":["GET"]}}],"collection":[{"href":"https:\/\/coresteel.com.tr\/index.php\/wp-json\/wp\/v2\/pages"}],"about":[{"href":"https:\/\/coresteel.com.tr\/index.php\/wp-json\/wp\/v2\/types\/page"}],"author":[{"embeddable":true,"href":"https:\/\/coresteel.com.tr\/index.php\/wp-json\/wp\/v2\/users\/1"}],"replies":[{"embeddable":true,"href":"https:\/\/coresteel.com.tr\/index.php\/wp-json\/wp\/v2\/comments?post=291"}],"version-history":[{"count":4,"href":"https:\/\/coresteel.com.tr\/index.php\/wp-json\/wp\/v2\/pages\/291\/revisions"}],"predecessor-version":[{"id":363,"href":"https:\/\/coresteel.com.tr\/index.php\/wp-json\/wp\/v2\/pages\/291\/revisions\/363"}],"up":[{"embeddable":true,"href":"https:\/\/coresteel.com.tr\/index.php\/wp-json\/wp\/v2\/pages\/36"}],"wp:attachment":[{"href":"https:\/\/coresteel.com.tr\/index.php\/wp-json\/wp\/v2\/media?parent=291"}],"curies":[{"name":"wp","href":"https:\/\/api.w.org\/{rel}","templated":true}]}}