{"id":301,"date":"2026-01-21T19:00:27","date_gmt":"2026-01-21T19:00:27","guid":{"rendered":"https:\/\/coresteel.com.tr\/?page_id=301"},"modified":"2026-01-23T12:37:52","modified_gmt":"2026-01-23T12:37:52","slug":"akaryakit-ve-lpg-depolama-ve-dolum-tesisi-kurulumu","status":"publish","type":"page","link":"https:\/\/coresteel.com.tr\/index.php\/services\/akaryakit-ve-lpg-depolama-ve-dolum-tesisi-kurulumu\/","title":{"rendered":"Akaryak\u0131t ve LPG Depolama ve Dolum Tesisi Kurulumu"},"content":{"rendered":"<p>[vc_row][vc_column width=&#8221;1\/2&#8243;][vc_column_text]Coresteel M\u00fchendislik, akaryak\u0131t ve LPG depolama tesislerinin tasar\u0131m, m\u00fchendislik, imalat ve montaj s\u00fcre\u00e7lerini uluslararas\u0131 standartlara uygun \u015fekilde y\u00fcr\u00fct\u00fcr. Depolama ve dolum tesisleri; y\u00fcksek g\u00fcvenlik gerektiren, hassas m\u00fchendislik \u00e7\u00f6z\u00fcmleri i\u00e7eren ve operasyonel risk y\u00f6netiminin kritik \u00f6nem ta\u015f\u0131d\u0131\u011f\u0131 yap\u0131lard\u0131r. Firmam\u0131z, bu alanlarda maksimum g\u00fcvenlik, y\u00fcksek verimlilik ve uzun \u00f6m\u00fcrl\u00fc altyap\u0131 olu\u015fturmay\u0131 hedefler. Akaryak\u0131t ve LPG tesisleri; m\u00fchendislik do\u011frulu\u011fu, g\u00fcvenlik sistemlerinin b\u00fct\u00fcnl\u00fc\u011f\u00fc ve sahada uygulanan disiplinli \u00e7al\u0131\u015fma s\u00fcreciyle uzun y\u0131llar g\u00fcvenli \u015fekilde i\u015fletilebilen yap\u0131lard\u0131r. Coresteel M\u00fchendislik olarak oda\u011f\u0131m\u0131z; y\u00fcksek g\u00fcvenlik seviyesine sahip, s\u00fcrd\u00fcr\u00fclebilir, verimli ve ulusal\/uluslararas\u0131 standartlara tam uyumlu tesisler in\u015fa etmektir.[\/vc_column_text][\/vc_column][vc_column width=&#8221;1\/2&#8243;][vc_single_image image=&#8221;303&#8243; img_size=&#8221;250&#215;250&#8243; alignment=&#8221;center&#8221;][\/vc_column][\/vc_row]<\/p>\n","protected":false},"excerpt":{"rendered":"<p>[vc_row][vc_column width=&#8221;1\/2&#8243;][vc_column_text]Coresteel M\u00fchendislik, akaryak\u0131t ve LPG depolama tesislerinin tasar\u0131m, m\u00fchendislik, imalat ve montaj s\u00fcre\u00e7lerini uluslararas\u0131 standartlara uygun \u015fekilde y\u00fcr\u00fct\u00fcr. Depolama ve dolum tesisleri; y\u00fcksek g\u00fcvenlik gerektiren, hassas m\u00fchendislik \u00e7\u00f6z\u00fcmleri i\u00e7eren ve operasyonel risk y\u00f6netiminin kritik \u00f6nem ta\u015f\u0131d\u0131\u011f\u0131 yap\u0131lard\u0131r. Firmam\u0131z, bu alanlarda maksimum g\u00fcvenlik, y\u00fcksek verimlilik ve uzun \u00f6m\u00fcrl\u00fc altyap\u0131 olu\u015fturmay\u0131 hedefler. Akaryak\u0131t ve LPG tesisleri; [&hellip;]<\/p>\n","protected":false},"author":1,"featured_media":0,"parent":36,"menu_order":0,"comment_status":"closed","ping_status":"closed","template":"","meta":{"footnotes":""},"class_list":["post-301","page","type-page","status-publish","hentry"],"_links":{"self":[{"href":"https:\/\/coresteel.com.tr\/index.php\/wp-json\/wp\/v2\/pages\/301","targetHints":{"allow":["GET"]}}],"collection":[{"href":"https:\/\/coresteel.com.tr\/index.php\/wp-json\/wp\/v2\/pages"}],"about":[{"href":"https:\/\/coresteel.com.tr\/index.php\/wp-json\/wp\/v2\/types\/page"}],"author":[{"embeddable":true,"href":"https:\/\/coresteel.com.tr\/index.php\/wp-json\/wp\/v2\/users\/1"}],"replies":[{"embeddable":true,"href":"https:\/\/coresteel.com.tr\/index.php\/wp-json\/wp\/v2\/comments?post=301"}],"version-history":[{"count":4,"href":"https:\/\/coresteel.com.tr\/index.php\/wp-json\/wp\/v2\/pages\/301\/revisions"}],"predecessor-version":[{"id":361,"href":"https:\/\/coresteel.com.tr\/index.php\/wp-json\/wp\/v2\/pages\/301\/revisions\/361"}],"up":[{"embeddable":true,"href":"https:\/\/coresteel.com.tr\/index.php\/wp-json\/wp\/v2\/pages\/36"}],"wp:attachment":[{"href":"https:\/\/coresteel.com.tr\/index.php\/wp-json\/wp\/v2\/media?parent=301"}],"curies":[{"name":"wp","href":"https:\/\/api.w.org\/{rel}","templated":true}]}}