{"id":307,"date":"2026-01-21T19:04:08","date_gmt":"2026-01-21T19:04:08","guid":{"rendered":"https:\/\/coresteel.com.tr\/?page_id=307"},"modified":"2026-01-23T12:39:26","modified_gmt":"2026-01-23T12:39:26","slug":"tank-ve-basincli-kap-imalati","status":"publish","type":"page","link":"https:\/\/coresteel.com.tr\/index.php\/services\/tank-ve-basincli-kap-imalati\/","title":{"rendered":"Tank ve Bas\u0131n\u00e7l\u0131 Kap \u0130malat\u0131"},"content":{"rendered":"<p>[vc_row][vc_column width=&#8221;1\/2&#8243;][vc_column_text]Coresteel M\u00fchendislik, end\u00fcstriyel tesislerin ihtiya\u00e7 duydu\u011fu t\u00fcm tank ve bas\u0131n\u00e7l\u0131 kap ekipmanlar\u0131n\u0131 uluslararas\u0131 standartlara uygun \u015fekilde tasarlar ve \u00fcretir. Y\u00fcksek dayan\u0131m, g\u00fcvenlik ve uzun \u00f6m\u00fcrl\u00fc kullan\u0131m esas al\u0131narak y\u00fcr\u00fct\u00fclen imalat s\u00fcre\u00e7leri; modern \u00fcretim teknikleri, sertifikal\u0131 kaynak y\u00f6ntemleri ve kapsaml\u0131 kalite kontrol ad\u0131mlar\u0131yla desteklenir. Tank ve bas\u0131n\u00e7l\u0131 kaplar; proses g\u00fcvenli\u011fi, i\u015fletme verimlili\u011fi ve tesis dayan\u0131m\u0131 i\u00e7in kritik ekipmanlard\u0131r. Coresteel M\u00fchendislik olarak hedefimiz, m\u00fc\u015fterilerimiz i\u00e7in uzun y\u0131llar g\u00fcvenle kullan\u0131labilecek, y\u00fcksek standartlara sahip ve i\u015fletme ko\u015fullar\u0131na tam uyumlu \u00e7\u00f6z\u00fcmler \u00fcretmektir.[\/vc_column_text][\/vc_column][vc_column width=&#8221;1\/2&#8243;][vc_single_image image=&#8221;309&#8243; img_size=&#8221;250&#215;250&#8243; alignment=&#8221;center&#8221;][\/vc_column][\/vc_row]<\/p>\n","protected":false},"excerpt":{"rendered":"<p>[vc_row][vc_column width=&#8221;1\/2&#8243;][vc_column_text]Coresteel M\u00fchendislik, end\u00fcstriyel tesislerin ihtiya\u00e7 duydu\u011fu t\u00fcm tank ve bas\u0131n\u00e7l\u0131 kap ekipmanlar\u0131n\u0131 uluslararas\u0131 standartlara uygun \u015fekilde tasarlar ve \u00fcretir. Y\u00fcksek dayan\u0131m, g\u00fcvenlik ve uzun \u00f6m\u00fcrl\u00fc kullan\u0131m esas al\u0131narak y\u00fcr\u00fct\u00fclen imalat s\u00fcre\u00e7leri; modern \u00fcretim teknikleri, sertifikal\u0131 kaynak y\u00f6ntemleri ve kapsaml\u0131 kalite kontrol ad\u0131mlar\u0131yla desteklenir. Tank ve bas\u0131n\u00e7l\u0131 kaplar; proses g\u00fcvenli\u011fi, i\u015fletme verimlili\u011fi ve tesis dayan\u0131m\u0131 [&hellip;]<\/p>\n","protected":false},"author":1,"featured_media":0,"parent":36,"menu_order":0,"comment_status":"closed","ping_status":"closed","template":"","meta":{"footnotes":""},"class_list":["post-307","page","type-page","status-publish","hentry"],"_links":{"self":[{"href":"https:\/\/coresteel.com.tr\/index.php\/wp-json\/wp\/v2\/pages\/307","targetHints":{"allow":["GET"]}}],"collection":[{"href":"https:\/\/coresteel.com.tr\/index.php\/wp-json\/wp\/v2\/pages"}],"about":[{"href":"https:\/\/coresteel.com.tr\/index.php\/wp-json\/wp\/v2\/types\/page"}],"author":[{"embeddable":true,"href":"https:\/\/coresteel.com.tr\/index.php\/wp-json\/wp\/v2\/users\/1"}],"replies":[{"embeddable":true,"href":"https:\/\/coresteel.com.tr\/index.php\/wp-json\/wp\/v2\/comments?post=307"}],"version-history":[{"count":4,"href":"https:\/\/coresteel.com.tr\/index.php\/wp-json\/wp\/v2\/pages\/307\/revisions"}],"predecessor-version":[{"id":364,"href":"https:\/\/coresteel.com.tr\/index.php\/wp-json\/wp\/v2\/pages\/307\/revisions\/364"}],"up":[{"embeddable":true,"href":"https:\/\/coresteel.com.tr\/index.php\/wp-json\/wp\/v2\/pages\/36"}],"wp:attachment":[{"href":"https:\/\/coresteel.com.tr\/index.php\/wp-json\/wp\/v2\/media?parent=307"}],"curies":[{"name":"wp","href":"https:\/\/api.w.org\/{rel}","templated":true}]}}