{"id":313,"date":"2026-01-21T19:06:56","date_gmt":"2026-01-21T19:06:56","guid":{"rendered":"https:\/\/coresteel.com.tr\/?page_id=313"},"modified":"2026-01-23T12:39:56","modified_gmt":"2026-01-23T12:39:56","slug":"yangin-sistemleri-ekipman-montaji-ve-tesisati","status":"publish","type":"page","link":"https:\/\/coresteel.com.tr\/index.php\/services\/yangin-sistemleri-ekipman-montaji-ve-tesisati\/","title":{"rendered":"Yang\u0131n Sistemleri Ekipman Montaj\u0131 ve Tesisat\u0131"},"content":{"rendered":"<p>[vc_row][vc_column width=&#8221;1\/2&#8243;][vc_column_text]Coresteel M\u00fchendislik, end\u00fcstriyel tesisler, depolama alanlar\u0131, \u00fcretim sahalar\u0131 ve ticari yap\u0131lar i\u00e7in yang\u0131n g\u00fcvenli\u011fi altyap\u0131lar\u0131n\u0131 uluslararas\u0131 standartlara uygun \u015fekilde projelendirir ve uygular. Yang\u0131n sistemleri, i\u015fletmelerin g\u00fcvenlik stratejisinin en kritik bile\u015fenlerinden biridir. Bu nedenle t\u00fcm ekipman montaj\u0131, borulama hatlar\u0131 ve test s\u00fcre\u00e7leri y\u00fcksek m\u00fchendislik titizli\u011fiyle y\u00fcr\u00fct\u00fcl\u00fcr. Yang\u0131n sistemleri, bir tesisin g\u00fcvenlik seviyesini belirleyen en \u00f6nemli unsurlardan biridir. Coresteel M\u00fchendislik olarak hedefimiz; y\u00fcksek koruma sa\u011flayan, uluslararas\u0131 standartlara tam uyumlu ve uzun y\u0131llar g\u00fcvenle \u00e7al\u0131\u015facak yang\u0131n tesisat\u0131 \u00e7\u00f6z\u00fcmleri sunmakt\u0131r.[\/vc_column_text][\/vc_column][vc_column width=&#8221;1\/2&#8243;][vc_single_image image=&#8221;315&#8243; img_size=&#8221;250&#215;250&#8243; alignment=&#8221;center&#8221;][\/vc_column][\/vc_row]<\/p>\n","protected":false},"excerpt":{"rendered":"<p>[vc_row][vc_column width=&#8221;1\/2&#8243;][vc_column_text]Coresteel M\u00fchendislik, end\u00fcstriyel tesisler, depolama alanlar\u0131, \u00fcretim sahalar\u0131 ve ticari yap\u0131lar i\u00e7in yang\u0131n g\u00fcvenli\u011fi altyap\u0131lar\u0131n\u0131 uluslararas\u0131 standartlara uygun \u015fekilde projelendirir ve uygular. Yang\u0131n sistemleri, i\u015fletmelerin g\u00fcvenlik stratejisinin en kritik bile\u015fenlerinden biridir. Bu nedenle t\u00fcm ekipman montaj\u0131, borulama hatlar\u0131 ve test s\u00fcre\u00e7leri y\u00fcksek m\u00fchendislik titizli\u011fiyle y\u00fcr\u00fct\u00fcl\u00fcr. Yang\u0131n sistemleri, bir tesisin g\u00fcvenlik seviyesini belirleyen en \u00f6nemli [&hellip;]<\/p>\n","protected":false},"author":1,"featured_media":0,"parent":36,"menu_order":0,"comment_status":"closed","ping_status":"closed","template":"","meta":{"footnotes":""},"class_list":["post-313","page","type-page","status-publish","hentry"],"_links":{"self":[{"href":"https:\/\/coresteel.com.tr\/index.php\/wp-json\/wp\/v2\/pages\/313","targetHints":{"allow":["GET"]}}],"collection":[{"href":"https:\/\/coresteel.com.tr\/index.php\/wp-json\/wp\/v2\/pages"}],"about":[{"href":"https:\/\/coresteel.com.tr\/index.php\/wp-json\/wp\/v2\/types\/page"}],"author":[{"embeddable":true,"href":"https:\/\/coresteel.com.tr\/index.php\/wp-json\/wp\/v2\/users\/1"}],"replies":[{"embeddable":true,"href":"https:\/\/coresteel.com.tr\/index.php\/wp-json\/wp\/v2\/comments?post=313"}],"version-history":[{"count":4,"href":"https:\/\/coresteel.com.tr\/index.php\/wp-json\/wp\/v2\/pages\/313\/revisions"}],"predecessor-version":[{"id":365,"href":"https:\/\/coresteel.com.tr\/index.php\/wp-json\/wp\/v2\/pages\/313\/revisions\/365"}],"up":[{"embeddable":true,"href":"https:\/\/coresteel.com.tr\/index.php\/wp-json\/wp\/v2\/pages\/36"}],"wp:attachment":[{"href":"https:\/\/coresteel.com.tr\/index.php\/wp-json\/wp\/v2\/media?parent=313"}],"curies":[{"name":"wp","href":"https:\/\/api.w.org\/{rel}","templated":true}]}}