{"id":36,"date":"2016-07-18T09:02:31","date_gmt":"2016-07-18T09:02:31","guid":{"rendered":"http:\/\/sw-themes.com\/porto_dummy\/?page_id=36"},"modified":"2026-01-21T19:10:55","modified_gmt":"2026-01-21T19:10:55","slug":"services","status":"publish","type":"page","link":"https:\/\/coresteel.com.tr\/index.php\/services\/","title":{"rendered":"Services"},"content":{"rendered":"<p>[vc_row animation_type=&#8221;fadeInUp&#8221;][vc_column]<div class=\"porto-sicon-box m-t style_1 left-icon\"><div class=\"porto-sicon-left\"><div id=\"porto-icon-207549178369fb2014d712b\" class=\"porto-just-icon-wrapper\" style=\"text-align:center;\"><div class=\"porto-sicon-img \" style=\"display:inline-block;font-size: 50px;\"><img loading=\"lazy\" decoding=\"async\" class=\"img-icon\" alt=\"\" src=\"https:\/\/coresteel.com.tr\/wp-content\/uploads\/2016\/07\/construction.png\" width=\"63\" height=\"80\" \/><\/div><\/div><\/div><div class=\"porto-sicon-body\"><div class=\"porto-sicon-header\"><h3 class=\"porto-sicon-title\" style=\"font-size:20px;\">Tank \u0130malat \u0130\u015fleri<\/h3><\/div> <!-- header --><div class=\"porto-sicon-description\" style=\"\">\n<ul>\n<li><strong>API 650 Standartlar\u0131nda Tank \u0130malat \u0130\u015fleri<br \/>\n<\/strong>Coresteel M\u00fchendislik olarak, API 650 (Welded Tanks for Oil Storage) standard\u0131na uygun \u015fekilde tasar\u0131m, m\u00fchendislik, imalat ve montaj s\u00fcre\u00e7lerini eksiksiz olarak ger\u00e7ekle\u015ftirir.<strong><br \/>\n<\/strong><\/li>\n<li><strong>API 653 standartlar\u0131nda tank bak\u0131m i\u015fleri<br \/>\n<\/strong>Coresteel M\u00fchendislik, API 653 standartlar\u0131na uygun tank bak\u0131m, denetim ve onar\u0131m s\u00fcre\u00e7lerini y\u00fcksek m\u00fchendislik disipliniyle y\u00fcr\u00fct\u00fcr.<\/li>\n<\/ul>\n<p><a class=\"porto-sicon-read xx\" href=\"https:\/\/coresteel.com.tr\/index.php\/services\/general-construction\/\" title='Tank \u0130malat \u0130\u015fleri'>Devam\u0131n\u0131 Oku<span>&nbsp;&raquo;<\/span><\/a><\/div> <!-- description --><\/div><\/div><!-- porto-sicon-box -->[\/vc_column][\/vc_row][vc_row animation_delay=&#8221;300&#8243; animation_type=&#8221;fadeInUp&#8221;][vc_column]<div class=\"porto-sicon-box m-t style_1 left-icon\"><div class=\"porto-sicon-left\"><div id=\"porto-icon-148749752169fb2014d783c\" class=\"porto-just-icon-wrapper\" style=\"text-align:center;\"><div class=\"porto-sicon-img \" style=\"display:inline-block;font-size: 50px;\"><img loading=\"lazy\" decoding=\"async\" class=\"img-icon\" alt=\"\" src=\"https:\/\/coresteel.com.tr\/wp-content\/uploads\/2016\/07\/plumbing.png\" width=\"67\" height=\"73\" \/><\/div><\/div><\/div><div class=\"porto-sicon-body\"><div class=\"porto-sicon-header\"><h3 class=\"porto-sicon-title\" style=\"font-size:20px;\">\u00c7elik Konstr\u00fcksiyon \u0130malat ve Montaj \u0130\u015fleri<\/h3><\/div> <!-- header --><div class=\"porto-sicon-description\" style=\"\">Coresteel M\u00fchendislik, end\u00fcstriyel tesisler, fabrikalar, depolama alanlar\u0131 ve \u00f6zel projeler i\u00e7in dayan\u0131kl\u0131, g\u00fcvenilir ve y\u00fcksek m\u00fchendislik kalitesine sahip \u00e7elik konstr\u00fcksiyon yap\u0131lar \u00fcretir.<a class=\"porto-sicon-read xx\" href=\"https:\/\/coresteel.com.tr\/index.php\/services\/pre-construction\/\" title='\u00c7elik Konstr\u00fcksiyon \u0130malat ve Montaj \u0130\u015fleri'>Devam\u0131n\u0131 Oku<span>&nbsp;&raquo;<\/span><\/a><\/div> <!-- description --><\/div><\/div><!-- porto-sicon-box -->[\/vc_column][\/vc_row][vc_row animation_delay=&#8221;600&#8243; animation_type=&#8221;fadeInUp&#8221;][vc_column]<div class=\"porto-sicon-box m-t style_1 left-icon\"><div class=\"porto-sicon-left\"><div id=\"porto-icon-146483900469fb2014d7ed7\" class=\"porto-just-icon-wrapper\" style=\"text-align:center;\"><div class=\"porto-sicon-img \" style=\"display:inline-block;font-size: 50px;\"><img loading=\"lazy\" decoding=\"async\" class=\"img-icon\" alt=\"\" src=\"https:\/\/coresteel.com.tr\/wp-content\/uploads\/2016\/07\/painting.png\" width=\"65\" height=\"61\" \/><\/div><\/div><\/div><div class=\"porto-sicon-body\"><div class=\"porto-sicon-header\"><h3 class=\"porto-sicon-title\" style=\"font-size:20px;\">End\u00fcstriyel Borulama<\/h3><\/div> <!-- header --><div class=\"porto-sicon-description\" style=\"\">Coresteel M\u00fchendislik, end\u00fcstriyel tesislerin ihtiya\u00e7 duydu\u011fu t\u00fcm borulama sistemleri i\u00e7in m\u00fchendislik, imalat ve montaj s\u00fcre\u00e7lerini y\u00fcksek kalite standartlar\u0131yla y\u00fcr\u00fct\u00fcr.<a class=\"porto-sicon-read xx\" href=\"https:\/\/coresteel.com.tr\/index.php\/services\/painting\/\" title='\u00c7elik Konstr\u00fcksiyon \u0130malat ve Montaj \u0130\u015fleri'>Devam\u0131n\u0131 Oku<span>&nbsp;&raquo;<\/span><\/a><\/div> <!-- description --><\/div><\/div><!-- porto-sicon-box -->[\/vc_column][\/vc_row][vc_row animation_delay=&#8221;900&#8243; animation_type=&#8221;fadeInUp&#8221;][vc_column]<div class=\"porto-sicon-box m-t style_1 left-icon\"><div class=\"porto-sicon-left\"><div id=\"porto-icon-87869252569fb2014d8552\" class=\"porto-just-icon-wrapper\" style=\"text-align:center;\"><div class=\"porto-sicon-img \" style=\"display:inline-block;font-size: 50px;\"><img loading=\"lazy\" decoding=\"async\" class=\"img-icon\" alt=\"\" src=\"https:\/\/coresteel.com.tr\/wp-content\/uploads\/2016\/07\/ground-construction.png\" width=\"68\" height=\"59\" \/><\/div><\/div><\/div><div class=\"porto-sicon-body\"><div class=\"porto-sicon-header\"><h3 class=\"porto-sicon-title\" style=\"font-size:20px;\">Mekanik Borulama ve Ekipman Montaj\u0131<\/h3><\/div> <!-- header --><div class=\"porto-sicon-description\" style=\"\">Coresteel M\u00fchendislik, end\u00fcstriyel tesislerde ihtiya\u00e7 duyulan t\u00fcm mekanik borulama ve ekipman montaj s\u00fcre\u00e7lerini uluslararas\u0131 standartlara uygun \u015fekilde ger\u00e7ekle\u015ftirir.<a class=\"porto-sicon-read xx\" href=\"https:\/\/coresteel.com.tr\/index.php\/services\/plumbing\/\" title='Mekanik Borulama ve Ekipman Montaj\u0131'>Devam\u0131n\u0131 Oku<span>&nbsp;&raquo;<\/span><\/a><\/div> <!-- description --><\/div><\/div><!-- porto-sicon-box -->[\/vc_column][\/vc_row][vc_row animation_delay=&#8221;900&#8243; animation_type=&#8221;fadeInUp&#8221;][vc_column]<div class=\"porto-sicon-box m-t style_1 left-icon\"><div class=\"porto-sicon-left\"><div id=\"porto-icon-39403157769fb2014d87cf\" class=\"porto-just-icon-wrapper\" style=\"text-align:center;\"><div class=\"porto-sicon-img \" style=\"display:inline-block;font-size: 50px;\"><img loading=\"lazy\" decoding=\"async\" class=\"img-icon\" alt=\"\" src=\"https:\/\/coresteel.com.tr\/wp-content\/uploads\/2016\/07\/construction.png\" width=\"63\" height=\"80\" \/><\/div><\/div><\/div><div class=\"porto-sicon-body\"><div class=\"porto-sicon-header\"><h3 class=\"porto-sicon-title\" style=\"font-size:20px;\">Planl\u0131 Duru\u015f ve Bak\u0131m \u0130\u015fleri<\/h3><\/div> <!-- header --><div class=\"porto-sicon-description\" style=\"\">Coresteel M\u00fchendislik, end\u00fcstriyel tesislerde \u00fcretim s\u00fcreklili\u011fini korumak ve ekipman \u00f6mr\u00fcn\u00fc uzatmak i\u00e7in planl\u0131 duru\u015f ve bak\u0131m s\u00fcre\u00e7lerini profesyonel bir yakla\u015f\u0131mla y\u00f6netir.<a class=\"porto-sicon-read xx\" href=\"https:\/\/coresteel.com.tr\/index.php\/planli-durus-ve-bakim-isleri\/\">Devam\u0131n\u0131 Oku<span>&nbsp;&raquo;<\/span><\/a><\/div> <!-- description --><\/div><\/div><!-- porto-sicon-box -->[\/vc_column][\/vc_row][vc_row animation_delay=&#8221;900&#8243; animation_type=&#8221;fadeInUp&#8221;][vc_column]<div class=\"porto-sicon-box m-t style_1 left-icon\"><div class=\"porto-sicon-left\"><div id=\"porto-icon-40061774269fb2014d8a53\" class=\"porto-just-icon-wrapper\" style=\"text-align:center;\"><div class=\"porto-sicon-img \" style=\"display:inline-block;font-size: 50px;\"><img loading=\"lazy\" decoding=\"async\" class=\"img-icon\" alt=\"\" src=\"https:\/\/coresteel.com.tr\/wp-content\/uploads\/2016\/07\/ground-construction.png\" width=\"68\" height=\"59\" \/><\/div><\/div><\/div><div class=\"porto-sicon-body\"><div class=\"porto-sicon-header\"><h3 class=\"porto-sicon-title\" style=\"font-size:20px;\">Akaryak\u0131t ve LPG Depolama ve Dolum Tesisi Kurulumu<\/h3><\/div> <!-- header --><div class=\"porto-sicon-description\" style=\"\">Coresteel M\u00fchendislik, akaryak\u0131t ve LPG depolama tesislerinin tasar\u0131m, m\u00fchendislik, imalat ve montaj s\u00fcre\u00e7lerini uluslararas\u0131 standartlara uygun \u015fekilde y\u00fcr\u00fct\u00fcr.<a class=\"porto-sicon-read xx\" href=\"https:\/\/coresteel.com.tr\/index.php\/akaryakit-ve-lpg-depolama-ve-dolum-tesisi-kurulumu\/\">Devam\u0131n\u0131 Oku<span>&nbsp;&raquo;<\/span><\/a><\/div> <!-- description --><\/div><\/div><!-- porto-sicon-box -->[\/vc_column][\/vc_row][vc_row animation_delay=&#8221;900&#8243; animation_type=&#8221;fadeInUp&#8221;][vc_column]<div class=\"porto-sicon-box m-t style_1 left-icon\"><div class=\"porto-sicon-left\"><div id=\"porto-icon-110275759869fb2014d8cb1\" class=\"porto-just-icon-wrapper\" style=\"text-align:center;\"><div class=\"porto-sicon-img \" style=\"display:inline-block;font-size: 50px;\"><img loading=\"lazy\" decoding=\"async\" class=\"img-icon\" alt=\"\" src=\"https:\/\/coresteel.com.tr\/wp-content\/uploads\/2016\/07\/painting.png\" width=\"65\" height=\"61\" \/><\/div><\/div><\/div><div class=\"porto-sicon-body\"><div class=\"porto-sicon-header\"><h3 class=\"porto-sicon-title\" style=\"font-size:20px;\">Tank ve Bas\u0131n\u00e7l\u0131 Kap \u0130malat\u0131<\/h3><\/div> <!-- header --><div class=\"porto-sicon-description\" style=\"\">Coresteel M\u00fchendislik, end\u00fcstriyel tesislerin ihtiya\u00e7 duydu\u011fu t\u00fcm tank ve bas\u0131n\u00e7l\u0131 kap ekipmanlar\u0131n\u0131 uluslararas\u0131 standartlara uygun \u015fekilde tasarlar ve \u00fcretir.<a class=\"porto-sicon-read xx\" href=\"https:\/\/coresteel.com.tr\/index.php\/tank-ve-basincli-kap-imalati\/\">Devam\u0131n\u0131 Oku<span>&nbsp;&raquo;<\/span><\/a><\/div> <!-- description --><\/div><\/div><!-- porto-sicon-box -->[\/vc_column][\/vc_row][vc_row animation_delay=&#8221;900&#8243; animation_type=&#8221;fadeInUp&#8221;][vc_column]<div class=\"porto-sicon-box m-t style_1 left-icon\"><div class=\"porto-sicon-left\"><div id=\"porto-icon-42382981969fb2014d8f43\" class=\"porto-just-icon-wrapper\" style=\"text-align:center;\"><div class=\"porto-sicon-img \" style=\"display:inline-block;font-size: 50px;\"><img loading=\"lazy\" decoding=\"async\" class=\"img-icon\" alt=\"\" src=\"https:\/\/coresteel.com.tr\/wp-content\/uploads\/2016\/07\/plumbing.png\" width=\"67\" height=\"73\" \/><\/div><\/div><\/div><div class=\"porto-sicon-body\"><div class=\"porto-sicon-header\"><h3 class=\"porto-sicon-title\" style=\"font-size:20px;\">Yang\u0131n Sistemleri Ekipman Montaj\u0131 ve Tesisat\u0131<\/h3><\/div> <!-- header --><div class=\"porto-sicon-description\" style=\"\">Coresteel M\u00fchendislik, end\u00fcstriyel tesisler, depolama alanlar\u0131, \u00fcretim sahalar\u0131 ve ticari yap\u0131lar i\u00e7in yang\u0131n g\u00fcvenli\u011fi altyap\u0131lar\u0131n\u0131 uluslararas\u0131 standartlara uygun \u015fekilde projelendirir ve uygular.<a class=\"porto-sicon-read xx\" href=\"https:\/\/coresteel.com.tr\/index.php\/yangin-sistemleri-ekipman-montaji-ve-tesisati\/\">Devam\u0131n\u0131 Oku<span>&nbsp;&raquo;<\/span><\/a><\/div> <!-- description --><\/div><\/div><!-- porto-sicon-box -->[\/vc_column][\/vc_row][vc_row animation_delay=&#8221;900&#8243; animation_type=&#8221;fadeInUp&#8221;][vc_column]<div class=\"porto-sicon-box m-t style_1 left-icon\"><div class=\"porto-sicon-left\"><div id=\"porto-icon-93512646469fb2014d91c9\" class=\"porto-just-icon-wrapper\" style=\"text-align:center;\"><div class=\"porto-sicon-img \" style=\"display:inline-block;font-size: 50px;\"><img loading=\"lazy\" decoding=\"async\" class=\"img-icon\" alt=\"\" src=\"https:\/\/coresteel.com.tr\/wp-content\/uploads\/2016\/07\/construction.png\" width=\"63\" height=\"80\" \/><\/div><\/div><\/div><div class=\"porto-sicon-body\"><div class=\"porto-sicon-header\"><h3 class=\"porto-sicon-title\" style=\"font-size:20px;\">\u0130zolasyon ve Kaplama<\/h3><\/div> <!-- header --><div class=\"porto-sicon-description\" style=\"\">Coresteel M\u00fchendislik, end\u00fcstriyel tesislerde enerji verimlili\u011fini art\u0131rmak, \u0131s\u0131 kay\u0131plar\u0131n\u0131 azaltmak, ekipman \u00f6mr\u00fcn\u00fc uzatmak ve g\u00fcvenli \u00e7al\u0131\u015fma ko\u015fullar\u0131 sa\u011flamak i\u00e7in profesyonel izolasyon ve kaplama \u00e7\u00f6z\u00fcmleri sunar.<a class=\"porto-sicon-read xx\" href=\"https:\/\/coresteel.com.tr\/index.php\/izolasyon-ve-kaplama\/\">Devam\u0131n\u0131 Oku<span>&nbsp;&raquo;<\/span><\/a><\/div> <!-- description --><\/div><\/div><!-- porto-sicon-box -->[\/vc_column][\/vc_row]<\/p>\n","protected":false},"excerpt":{"rendered":"<p>[vc_row animation_type=&#8221;fadeInUp&#8221;][vc_column][\/vc_column][\/vc_row][vc_row animation_delay=&#8221;300&#8243; animation_type=&#8221;fadeInUp&#8221;][vc_column][\/vc_column][\/vc_row][vc_row animation_delay=&#8221;600&#8243; animation_type=&#8221;fadeInUp&#8221;][vc_column][\/vc_column][\/vc_row][vc_row animation_delay=&#8221;900&#8243; animation_type=&#8221;fadeInUp&#8221;][vc_column][\/vc_column][\/vc_row][vc_row animation_delay=&#8221;900&#8243; animation_type=&#8221;fadeInUp&#8221;][vc_column][\/vc_column][\/vc_row][vc_row animation_delay=&#8221;900&#8243; animation_type=&#8221;fadeInUp&#8221;][vc_column][\/vc_column][\/vc_row][vc_row animation_delay=&#8221;900&#8243; animation_type=&#8221;fadeInUp&#8221;][vc_column][\/vc_column][\/vc_row][vc_row animation_delay=&#8221;900&#8243; animation_type=&#8221;fadeInUp&#8221;][vc_column][\/vc_column][\/vc_row][vc_row animation_delay=&#8221;900&#8243; animation_type=&#8221;fadeInUp&#8221;][vc_column][\/vc_column][\/vc_row]<\/p>\n","protected":false},"author":1,"featured_media":0,"parent":0,"menu_order":0,"comment_status":"closed","ping_status":"closed","template":"","meta":{"footnotes":""},"class_list":["post-36","page","type-page","status-publish","hentry"],"_links":{"self":[{"href":"https:\/\/coresteel.com.tr\/index.php\/wp-json\/wp\/v2\/pages\/36","targetHints":{"allow":["GET"]}}],"collection":[{"href":"https:\/\/coresteel.com.tr\/index.php\/wp-json\/wp\/v2\/pages"}],"about":[{"href":"https:\/\/coresteel.com.tr\/index.php\/wp-json\/wp\/v2\/types\/page"}],"author":[{"embeddable":true,"href":"https:\/\/coresteel.com.tr\/index.php\/wp-json\/wp\/v2\/users\/1"}],"replies":[{"embeddable":true,"href":"https:\/\/coresteel.com.tr\/index.php\/wp-json\/wp\/v2\/comments?post=36"}],"version-history":[{"count":9,"href":"https:\/\/coresteel.com.tr\/index.php\/wp-json\/wp\/v2\/pages\/36\/revisions"}],"predecessor-version":[{"id":323,"href":"https:\/\/coresteel.com.tr\/index.php\/wp-json\/wp\/v2\/pages\/36\/revisions\/323"}],"wp:attachment":[{"href":"https:\/\/coresteel.com.tr\/index.php\/wp-json\/wp\/v2\/media?parent=36"}],"curies":[{"name":"wp","href":"https:\/\/api.w.org\/{rel}","templated":true}]}}