{"id":38,"date":"2016-07-18T09:04:51","date_gmt":"2016-07-18T09:04:51","guid":{"rendered":"http:\/\/sw-themes.com\/porto_dummy\/?page_id=38"},"modified":"2026-01-23T12:26:27","modified_gmt":"2026-01-23T12:26:27","slug":"general-construction","status":"publish","type":"page","link":"https:\/\/coresteel.com.tr\/index.php\/services\/general-construction\/","title":{"rendered":"Tank \u0130malat \u0130\u015fleri"},"content":{"rendered":"<p>[vc_row][vc_column width=&#8221;1\/2&#8243;][vc_column_text]<strong>API 650 Standartlar\u0131nda Tank \u0130malat \u0130\u015fleri<\/strong><\/p>\n<p>Coresteel M\u00fchendislik olarak, API 650 (Welded Tanks for Oil Storage) standard\u0131na uygun \u015fekilde tasar\u0131m, m\u00fchendislik, imalat ve montaj s\u00fcre\u00e7lerini eksiksiz olarak ger\u00e7ekle\u015ftirir. Uluslararas\u0131 kabul g\u00f6ren API 650 standard\u0131; g\u00fcvenli, dayan\u0131kl\u0131 ve uzun \u00f6m\u00fcrl\u00fc depolama tanklar\u0131n\u0131n \u00fcretimi i\u00e7in belirlenmi\u015f en kapsaml\u0131 kriterleri i\u00e7erir. Firmam\u0131z, bu standartlar\u0131n gerektirdi\u011fi t\u00fcm teknik ko\u015fullar\u0131 eksiksiz kar\u015f\u0131layarak y\u00fcksek kalitede tank imalat\u0131 sunar. API 650 standartlar\u0131na uygun tank imalat\u0131nda amac\u0131m\u0131z; y\u00fcksek mukavemet, g\u00fcvenli depolama kapasitesi, uzun \u00f6m\u00fcrl\u00fc kullan\u0131m ve uluslararas\u0131 standartlara tam uygunlukla m\u00fc\u015fterilerimize de\u011fer katmakt\u0131r.<\/p>\n<p><strong>API 653 standartlar\u0131nda tank bak\u0131m i\u015fleri <\/strong><\/p>\n<p>Coresteel M\u00fchendislik, API 653 standartlar\u0131na uygun tank bak\u0131m, denetim ve onar\u0131m s\u00fcre\u00e7lerini y\u00fcksek m\u00fchendislik disipliniyle y\u00fcr\u00fct\u00fcr. API 653; mevcut depolama tanklar\u0131n\u0131n g\u00fcvenli\u011fini, performans\u0131n\u0131 ve servis \u00f6mr\u00fcn\u00fc korumaya y\u00f6nelik en kapsaml\u0131 uluslararas\u0131 standartlardan biridir. Firmam\u0131z, sahadaki operasyonel ihtiya\u00e7lar\u0131 analiz ederek tanklar\u0131n g\u00fcvenli \u015fekilde hizmet vermesi i\u00e7in gerekli t\u00fcm bak\u0131m ve onar\u0131m \u00e7al\u0131\u015fmalar\u0131n\u0131 hassasiyetle ger\u00e7ekle\u015ftirir. API 653 bak\u0131m\u0131; tanklar\u0131n uzun y\u0131llar g\u00fcvenli, verimli ve kesintisiz bir \u015fekilde \u00e7al\u0131\u015fmas\u0131 i\u00e7in kritik bir ad\u0131md\u0131r. Coresteel M\u00fchendislik olarak amac\u0131m\u0131z, depolama tanklar\u0131n\u0131n operasyonel g\u00fcvenli\u011fini en \u00fcst d\u00fczeye \u00e7\u0131karmak, olas\u0131 ar\u0131zalar\u0131n \u00f6n\u00fcne ge\u00e7mek ve sistemlerin \u00f6mr\u00fcn\u00fc uzatacak \u00e7\u00f6z\u00fcmler sunmakt\u0131r.[\/vc_column_text][\/vc_column][vc_column width=&#8221;1\/2&#8243;][vc_single_image image=&#8221;229&#8243; img_size=&#8221;400X400&#8243; alignment=&#8221;center&#8221;][\/vc_column][\/vc_row]<\/p>\n","protected":false},"excerpt":{"rendered":"<p>[vc_row][vc_column width=&#8221;1\/2&#8243;][vc_column_text]API 650 Standartlar\u0131nda Tank \u0130malat \u0130\u015fleri Coresteel M\u00fchendislik olarak, API 650 (Welded Tanks for Oil Storage) standard\u0131na uygun \u015fekilde tasar\u0131m, m\u00fchendislik, imalat ve montaj s\u00fcre\u00e7lerini eksiksiz olarak ger\u00e7ekle\u015ftirir. Uluslararas\u0131 kabul g\u00f6ren API 650 standard\u0131; g\u00fcvenli, dayan\u0131kl\u0131 ve uzun \u00f6m\u00fcrl\u00fc depolama tanklar\u0131n\u0131n \u00fcretimi i\u00e7in belirlenmi\u015f en kapsaml\u0131 kriterleri i\u00e7erir. Firmam\u0131z, bu standartlar\u0131n gerektirdi\u011fi t\u00fcm teknik [&hellip;]<\/p>\n","protected":false},"author":1,"featured_media":0,"parent":36,"menu_order":0,"comment_status":"closed","ping_status":"closed","template":"","meta":{"footnotes":""},"class_list":["post-38","page","type-page","status-publish","hentry"],"_links":{"self":[{"href":"https:\/\/coresteel.com.tr\/index.php\/wp-json\/wp\/v2\/pages\/38","targetHints":{"allow":["GET"]}}],"collection":[{"href":"https:\/\/coresteel.com.tr\/index.php\/wp-json\/wp\/v2\/pages"}],"about":[{"href":"https:\/\/coresteel.com.tr\/index.php\/wp-json\/wp\/v2\/types\/page"}],"author":[{"embeddable":true,"href":"https:\/\/coresteel.com.tr\/index.php\/wp-json\/wp\/v2\/users\/1"}],"replies":[{"embeddable":true,"href":"https:\/\/coresteel.com.tr\/index.php\/wp-json\/wp\/v2\/comments?post=38"}],"version-history":[{"count":5,"href":"https:\/\/coresteel.com.tr\/index.php\/wp-json\/wp\/v2\/pages\/38\/revisions"}],"predecessor-version":[{"id":353,"href":"https:\/\/coresteel.com.tr\/index.php\/wp-json\/wp\/v2\/pages\/38\/revisions\/353"}],"up":[{"embeddable":true,"href":"https:\/\/coresteel.com.tr\/index.php\/wp-json\/wp\/v2\/pages\/36"}],"wp:attachment":[{"href":"https:\/\/coresteel.com.tr\/index.php\/wp-json\/wp\/v2\/media?parent=38"}],"curies":[{"name":"wp","href":"https:\/\/api.w.org\/{rel}","templated":true}]}}