{"id":39,"date":"2016-07-18T09:05:13","date_gmt":"2016-07-18T09:05:13","guid":{"rendered":"http:\/\/sw-themes.com\/porto_dummy\/?page_id=39"},"modified":"2026-01-23T12:27:50","modified_gmt":"2026-01-23T12:27:50","slug":"plumbing","status":"publish","type":"page","link":"https:\/\/coresteel.com.tr\/index.php\/services\/plumbing\/","title":{"rendered":"Mekanik Borulama ve Ekipman Montaj\u0131"},"content":{"rendered":"<p>[vc_row][vc_column width=&#8221;1\/2&#8243;][vc_column_text]Coresteel M\u00fchendislik, end\u00fcstriyel tesislerde ihtiya\u00e7 duyulan t\u00fcm mekanik borulama ve ekipman montaj s\u00fcre\u00e7lerini uluslararas\u0131 standartlara uygun \u015fekilde ger\u00e7ekle\u015ftirir. Tesis g\u00fcvenli\u011fi, proses verimlili\u011fi ve uzun \u00f6m\u00fcrl\u00fc i\u015fletme performans\u0131 i\u00e7in gerekli t\u00fcm m\u00fchendislik ad\u0131mlar\u0131n\u0131 titizlikle uygular. Montaj a\u015famas\u0131n\u0131n yan\u0131 s\u0131ra, saha koordinasyonu, test s\u00fcre\u00e7leri ve devreye alma ad\u0131mlar\u0131nda da profesyonel bir yakla\u015f\u0131m sunar. Mekanik borulama ve ekipman montaj\u0131; bir tesisin g\u00fcvenilir, s\u00fcrekli ve verimli \u00e7al\u0131\u015fmas\u0131 i\u00e7in kritik bir altyap\u0131 olu\u015fturur. Coresteel M\u00fchendislik olarak hedefimiz, i\u015fletme s\u00fcre\u00e7lerini destekleyen, \u00e7evresel ve operasyonel riskleri azaltan, dayan\u0131kl\u0131 ve s\u00fcrd\u00fcr\u00fclebilir \u00e7\u00f6z\u00fcmler sunmakt\u0131r.[\/vc_column_text][\/vc_column][vc_column width=&#8221;1\/2&#8243;][vc_single_image image=&#8221;288&#8243; img_size=&#8221;250X250&#8243; alignment=&#8221;center&#8221;][\/vc_column][\/vc_row]<\/p>\n","protected":false},"excerpt":{"rendered":"<p>[vc_row][vc_column width=&#8221;1\/2&#8243;][vc_column_text]Coresteel M\u00fchendislik, end\u00fcstriyel tesislerde ihtiya\u00e7 duyulan t\u00fcm mekanik borulama ve ekipman montaj s\u00fcre\u00e7lerini uluslararas\u0131 standartlara uygun \u015fekilde ger\u00e7ekle\u015ftirir. Tesis g\u00fcvenli\u011fi, proses verimlili\u011fi ve uzun \u00f6m\u00fcrl\u00fc i\u015fletme performans\u0131 i\u00e7in gerekli t\u00fcm m\u00fchendislik ad\u0131mlar\u0131n\u0131 titizlikle uygular. Montaj a\u015famas\u0131n\u0131n yan\u0131 s\u0131ra, saha koordinasyonu, test s\u00fcre\u00e7leri ve devreye alma ad\u0131mlar\u0131nda da profesyonel bir yakla\u015f\u0131m sunar. Mekanik borulama ve [&hellip;]<\/p>\n","protected":false},"author":1,"featured_media":0,"parent":36,"menu_order":0,"comment_status":"closed","ping_status":"closed","template":"","meta":{"footnotes":""},"class_list":["post-39","page","type-page","status-publish","hentry"],"_links":{"self":[{"href":"https:\/\/coresteel.com.tr\/index.php\/wp-json\/wp\/v2\/pages\/39","targetHints":{"allow":["GET"]}}],"collection":[{"href":"https:\/\/coresteel.com.tr\/index.php\/wp-json\/wp\/v2\/pages"}],"about":[{"href":"https:\/\/coresteel.com.tr\/index.php\/wp-json\/wp\/v2\/types\/page"}],"author":[{"embeddable":true,"href":"https:\/\/coresteel.com.tr\/index.php\/wp-json\/wp\/v2\/users\/1"}],"replies":[{"embeddable":true,"href":"https:\/\/coresteel.com.tr\/index.php\/wp-json\/wp\/v2\/comments?post=39"}],"version-history":[{"count":4,"href":"https:\/\/coresteel.com.tr\/index.php\/wp-json\/wp\/v2\/pages\/39\/revisions"}],"predecessor-version":[{"id":356,"href":"https:\/\/coresteel.com.tr\/index.php\/wp-json\/wp\/v2\/pages\/39\/revisions\/356"}],"up":[{"embeddable":true,"href":"https:\/\/coresteel.com.tr\/index.php\/wp-json\/wp\/v2\/pages\/36"}],"wp:attachment":[{"href":"https:\/\/coresteel.com.tr\/index.php\/wp-json\/wp\/v2\/media?parent=39"}],"curies":[{"name":"wp","href":"https:\/\/api.w.org\/{rel}","templated":true}]}}