{"id":40,"date":"2016-07-18T09:05:33","date_gmt":"2016-07-18T09:05:33","guid":{"rendered":"http:\/\/sw-themes.com\/porto_dummy\/?page_id=40"},"modified":"2026-01-23T12:27:26","modified_gmt":"2026-01-23T12:27:26","slug":"painting","status":"publish","type":"page","link":"https:\/\/coresteel.com.tr\/index.php\/services\/painting\/","title":{"rendered":"End\u00fcstriyel Borulama"},"content":{"rendered":"<p>[vc_row][vc_column width=&#8221;1\/2&#8243;][vc_column_text]Coresteel M\u00fchendislik, end\u00fcstriyel tesislerin ihtiya\u00e7 duydu\u011fu t\u00fcm borulama sistemleri i\u00e7in m\u00fchendislik, imalat ve montaj s\u00fcre\u00e7lerini y\u00fcksek kalite standartlar\u0131yla y\u00fcr\u00fct\u00fcr. Proje \u015fartlar\u0131na uygun malzeme se\u00e7imi, do\u011fru ak\u0131\u015f hesaplar\u0131 ve g\u00fcvenli montaj teknikleriyle uzun \u00f6m\u00fcrl\u00fc ve sorunsuz \u00e7al\u0131\u015fan hatlar olu\u015fturur. End\u00fcstriyel borulama; tesislerin verimli, g\u00fcvenli ve kesintisiz \u015fekilde \u00e7al\u0131\u015fmas\u0131n\u0131 sa\u011flayan en \u00f6nemli yap\u0131 ta\u015flar\u0131ndan biridir. Coresteel M\u00fchendislik olarak hedefimiz; dayan\u0131kl\u0131, g\u00fcvenilir ve standartlara uygun boru sistemleriyle m\u00fc\u015fterilerimize maksimum performans sunmakt\u0131r.[\/vc_column_text][\/vc_column][vc_column width=&#8221;1\/2&#8243;][vc_single_image image=&#8221;285&#8243; img_size=&#8221;250X250&#8243; alignment=&#8221;center&#8221;][\/vc_column][\/vc_row]<\/p>\n","protected":false},"excerpt":{"rendered":"<p>[vc_row][vc_column width=&#8221;1\/2&#8243;][vc_column_text]Coresteel M\u00fchendislik, end\u00fcstriyel tesislerin ihtiya\u00e7 duydu\u011fu t\u00fcm borulama sistemleri i\u00e7in m\u00fchendislik, imalat ve montaj s\u00fcre\u00e7lerini y\u00fcksek kalite standartlar\u0131yla y\u00fcr\u00fct\u00fcr. Proje \u015fartlar\u0131na uygun malzeme se\u00e7imi, do\u011fru ak\u0131\u015f hesaplar\u0131 ve g\u00fcvenli montaj teknikleriyle uzun \u00f6m\u00fcrl\u00fc ve sorunsuz \u00e7al\u0131\u015fan hatlar olu\u015fturur. End\u00fcstriyel borulama; tesislerin verimli, g\u00fcvenli ve kesintisiz \u015fekilde \u00e7al\u0131\u015fmas\u0131n\u0131 sa\u011flayan en \u00f6nemli yap\u0131 ta\u015flar\u0131ndan biridir. Coresteel [&hellip;]<\/p>\n","protected":false},"author":1,"featured_media":0,"parent":36,"menu_order":0,"comment_status":"closed","ping_status":"closed","template":"","meta":{"footnotes":""},"class_list":["post-40","page","type-page","status-publish","hentry"],"_links":{"self":[{"href":"https:\/\/coresteel.com.tr\/index.php\/wp-json\/wp\/v2\/pages\/40","targetHints":{"allow":["GET"]}}],"collection":[{"href":"https:\/\/coresteel.com.tr\/index.php\/wp-json\/wp\/v2\/pages"}],"about":[{"href":"https:\/\/coresteel.com.tr\/index.php\/wp-json\/wp\/v2\/types\/page"}],"author":[{"embeddable":true,"href":"https:\/\/coresteel.com.tr\/index.php\/wp-json\/wp\/v2\/users\/1"}],"replies":[{"embeddable":true,"href":"https:\/\/coresteel.com.tr\/index.php\/wp-json\/wp\/v2\/comments?post=40"}],"version-history":[{"count":4,"href":"https:\/\/coresteel.com.tr\/index.php\/wp-json\/wp\/v2\/pages\/40\/revisions"}],"predecessor-version":[{"id":355,"href":"https:\/\/coresteel.com.tr\/index.php\/wp-json\/wp\/v2\/pages\/40\/revisions\/355"}],"up":[{"embeddable":true,"href":"https:\/\/coresteel.com.tr\/index.php\/wp-json\/wp\/v2\/pages\/36"}],"wp:attachment":[{"href":"https:\/\/coresteel.com.tr\/index.php\/wp-json\/wp\/v2\/media?parent=40"}],"curies":[{"name":"wp","href":"https:\/\/api.w.org\/{rel}","templated":true}]}}